{"id":29113,"date":"2023-08-26T20:40:44","date_gmt":"2023-08-26T18:40:44","guid":{"rendered":"https:\/\/2023.olivierjeannin.ch\/?page_id=29113"},"modified":"2024-11-27T17:34:53","modified_gmt":"2024-11-27T16:34:53","slug":"livres-et-publications","status":"publish","type":"page","link":"https:\/\/olivierjeannin.ch\/en\/livres-et-publications\/","title":{"rendered":"Livres et Publications"},"content":{"rendered":"<p>[et_pb_section fb_built=\u00a0\u00bb1&Prime; _builder_version=\u00a0\u00bb4.22.1&Prime; _module_preset=\u00a0\u00bbdefault\u00a0\u00bb global_colors_info=\u00a0\u00bb{}\u00a0\u00bb][et_pb_row _builder_version=\u00a0\u00bb4.22.1&Prime; _module_preset=\u00a0\u00bbdefault\u00a0\u00bb global_colors_info=\u00a0\u00bb{}\u00a0\u00bb][et_pb_column type=\u00a0\u00bb4_4&Prime; _builder_version=\u00a0\u00bb4.22.1&Prime; _module_preset=\u00a0\u00bbdefault\u00a0\u00bb global_colors_info=\u00a0\u00bb{}\u00a0\u00bb][et_pb_heading title=\u00a0\u00bbLivres \u00a0\u00bb _builder_version=\u00a0\u00bb4.23&Prime; _module_preset=\u00a0\u00bbdefault\u00a0\u00bb title_text_align=\u00a0\u00bbcenter\u00a0\u00bb global_colors_info=\u00a0\u00bb{}\u00a0\u00bb][\/et_pb_heading][et_pb_slider _builder_version=\u00a0\u00bb4.23&Prime; _module_preset=\u00a0\u00bbdefault\u00a0\u00bb background_image=\u00a0\u00bbhttps:\/\/2023.olivierjeannin.ch\/wp-content\/uploads\/2023\/08\/irreparable23068-scaled.jpg\u00a0\u00bb global_colors_info=\u00a0\u00bb{}\u00a0\u00bb][et_pb_slide heading=\u00a0\u00bbGu\u00e9rir\/Heilen\u00a0\u00bb _builder_version=\u00a0\u00bb4.23&Prime; _module_preset=\u00a0\u00bbdefault\u00a0\u00bb global_colors_info=\u00a0\u00bb{}\u00a0\u00bb sticky_transition=\u00a0\u00bbon\u00a0\u00bb]<\/p>\n<p>Janvier 2024<\/p>\n<p>Gu\u00e9rir\/Heilen est mon dernier projet. Arriv\u00e9 \u00e0 terme \u00e0 l&rsquo;automne 2023 apr\u00e8s 3 ann\u00e9es de travail, il se pr\u00e9sente sous la forme d&rsquo;un petit livre de 82 pages \u00e9dit\u00e9 par les \u00e9ditions \u00ab\u00a0Le Coeur \u00e0 l&rsquo;Ouvrage\u00a0\u00bb. Vous d\u00e9couvrirez ci-dessous la g\u00e9n\u00e8se et un aper\u00e7u de ce travail tr\u00e8s personnel et intime.<\/p>\n<p>[\/et_pb_slide][\/et_pb_slider][\/et_pb_column][\/et_pb_row][et_pb_row column_structure=\u00a0\u00bb1_2,1_2&Prime; _builder_version=\u00a0\u00bb4.22.1&Prime; _module_preset=\u00a0\u00bbdefault\u00a0\u00bb global_colors_info=\u00a0\u00bb{}\u00a0\u00bb][et_pb_column type=\u00a0\u00bb1_2&Prime; _builder_version=\u00a0\u00bb4.22.1&Prime; _module_preset=\u00a0\u00bbdefault\u00a0\u00bb global_colors_info=\u00a0\u00bb{}\u00a0\u00bb][et_pb_text _builder_version=\u00a0\u00bb4.22.1&Prime; _module_preset=\u00a0\u00bbdefault\u00a0\u00bb global_colors_info=\u00a0\u00bb{}\u00a0\u00bb]<\/p>\n<p style=\"text-align: justify;\">Puis-je r\u00e9parer,<span>\u00a0<\/span><span class=\"regular_italic\">gu\u00e9rir<\/span>, ou simplement vivre avec mes blessures ? Mes traumatismes, de la toute petite enfance \u00e0 l\u2019\u00e2ge adulte, avec leur cort\u00e8ge de dissociations, fuites et blocages, de r\u00e9p\u00e9titions et de souffrances sont \u00e0 la source de cette question lancinante.<\/p>\n<p style=\"text-align: justify;\">Lorsque les mots viennent \u00e0 manquer, lorsque ce qui se passe \u00e0 l\u2019int\u00e9rieur de moi devient intol\u00e9rable, alors les images sont le seul moyen d\u2019expression possible. Elles ont ce pouvoir de dire, de montrer comme un miroir ce que la raison et la conscience ne peuvent exprimer. Elles me permettent de chuchoter, de dire, de hurler parfois.<\/p>\n<p style=\"text-align: justify;\">\n<p>[\/et_pb_text][\/et_pb_column][et_pb_column type=\u00a0\u00bb1_2&Prime; _builder_version=\u00a0\u00bb4.22.1&Prime; _module_preset=\u00a0\u00bbdefault\u00a0\u00bb global_colors_info=\u00a0\u00bb{}\u00a0\u00bb][et_pb_text _builder_version=\u00a0\u00bb4.23&Prime; _module_preset=\u00a0\u00bbdefault\u00a0\u00bb hover_enabled=\u00a0\u00bb0&Prime; global_colors_info=\u00a0\u00bb{}\u00a0\u00bb sticky_enabled=\u00a0\u00bb0&Prime;]<\/p>\n<p><span class=\"regular_italic\">Gu\u00e9rir<\/span>, projet photographique et textuel issu de ces questionnements. Le livre est disponible sur <a href=\"http:\/\/www.editions-coeur-ouvrage.ch\">www.editions-coeur-ouvrage.ch<\/a> au modeste prix de 28.- chf.\u00a0<\/p>\n<p>[\/et_pb_text][\/et_pb_column][\/et_pb_row][et_pb_row use_custom_gutter=\u00a0\u00bbon\u00a0\u00bb gutter_width=\u00a0\u00bb2&Prime; _builder_version=\u00a0\u00bb4.22.1&Prime; _module_preset=\u00a0\u00bbdefault\u00a0\u00bb width=\u00a0\u00bb100%\u00a0\u00bb global_colors_info=\u00a0\u00bb{}\u00a0\u00bb][et_pb_column type=\u00a0\u00bb4_4&Prime; _builder_version=\u00a0\u00bb4.22.1&Prime; _module_preset=\u00a0\u00bbdefault\u00a0\u00bb global_colors_info=\u00a0\u00bb{}\u00a0\u00bb][et_pb_gallery gallery_ids=\u00a0\u00bb29554,29553,29559,29557,29544,29545,29546,29547,29548,29550,29551,29552&Prime; show_title_and_caption=\u00a0\u00bboff\u00a0\u00bb _builder_version=\u00a0\u00bb4.23&Prime; _module_preset=\u00a0\u00bbdefault\u00a0\u00bb global_colors_info=\u00a0\u00bb{}\u00a0\u00bb][\/et_pb_gallery][\/et_pb_column][\/et_pb_row][et_pb_row _builder_version=\u00a0\u00bb4.22.1&Prime; _module_preset=\u00a0\u00bbdefault\u00a0\u00bb global_colors_info=\u00a0\u00bb{}\u00a0\u00bb][et_pb_column type=\u00a0\u00bb4_4&Prime; _builder_version=\u00a0\u00bb4.22.1&Prime; _module_preset=\u00a0\u00bbdefault\u00a0\u00bb global_colors_info=\u00a0\u00bb{}\u00a0\u00bb][et_pb_slider _builder_version=\u00a0\u00bb4.22.1&Prime; _module_preset=\u00a0\u00bbdefault\u00a0\u00bb background_image=\u00a0\u00bbhttps:\/\/2023.olivierjeannin.ch\/wp-content\/uploads\/2023\/09\/2_12-1.jpg\u00a0\u00bb global_colors_info=\u00a0\u00bb{}\u00a0\u00bb][et_pb_slide heading=\u00a0\u00bbPARK &#8211; Portraits d&rsquo;autos immobiles\u00a0\u00bb _builder_version=\u00a0\u00bb4.22.1&Prime; _module_preset=\u00a0\u00bbdefault\u00a0\u00bb global_colors_info=\u00a0\u00bb{}\u00a0\u00bb sticky_transition=\u00a0\u00bbon\u00a0\u00bb]<\/p>\n<p><span>Mai 2008<\/span><\/p>\n<p><span>Loin de vouloir imposer la vision fig\u00e9e sur le cimeti\u00e8re qu\u2019aurait un livre traditionnel sur des voitures, ce qui nous est tr\u00e8s \u00e9tranger, nous avons voulu apporter une mosa\u00efque de niveaux de lecture, \u00e9largissant ainsi le d\u00e9bat. Non seulement nous avons mis en avant la beaut\u00e9 quelque peu lugubre de ces belles m\u00e9caniques, mais nous nous sommes aussi attach\u00e9 \u00e0 ne rien imposer au lecteur l\u2019incitant \u00e0 se poser des questions de fond comme la surconsommation, le gaspillage suicidaire de notre civilisation, les diverses r\u00e9cup\u00e9rations politiques sur l\u2019\u00e9cologie, l\u2019addiction p\u00e9troli\u00e8re de l\u2019\u00e9conomie et la fuite en avant vers le n\u00e9ant. D\u2019un autre c\u00f4t\u00e9, il y a un message d\u2019espoir intrins\u00e8que au livre et au cimeti\u00e8re\u00a0: Celui que la nature, malgr\u00e9 les plaies inflig\u00e9es par l\u2019\u00eatre humain, rena\u00eet et s\u2019adapte en permanence\u00a0; c\u2019est elle la plus forte.<\/span><\/p>\n<p>[\/et_pb_slide][\/et_pb_slider][\/et_pb_column][\/et_pb_row][et_pb_row column_structure=\u00a0\u00bb1_2,1_2&Prime; _builder_version=\u00a0\u00bb4.22.1&Prime; _module_preset=\u00a0\u00bbdefault\u00a0\u00bb global_colors_info=\u00a0\u00bb{}\u00a0\u00bb][et_pb_column type=\u00a0\u00bb1_2&Prime; _builder_version=\u00a0\u00bb4.22.1&Prime; _module_preset=\u00a0\u00bbdefault\u00a0\u00bb global_colors_info=\u00a0\u00bb{}\u00a0\u00bb][et_pb_text _builder_version=\u00a0\u00bb4.22.1&Prime; _module_preset=\u00a0\u00bbdefault\u00a0\u00bb global_colors_info=\u00a0\u00bb{}\u00a0\u00bb]<\/p>\n<p class=\"s6\" style=\"text-align: justify;\"><span class=\"s4\">Le projet \u00abPARK\u00bb est un projet qui aurait pu \u00eatre abord\u00e9 de maintes mani\u00e8res en termes de photographie. En effet, la surabondance de sujets pr\u00e9sents dans le cimeti\u00e8re choix quant \u00e0 l\u2019approche et au traitement d\u2019un tel sujet. Il n\u2019y a certainement pas une mani\u00e8re id\u00e9ale ou \u00e9vidente de s\u2019accaparer ce lieu. Une vision en couleurs, au moyen de film ou num\u00e9rique aurait mis en valeur beaucoup d\u2019aspects incroyables de l\u2019endroit, notamment les peintures \u00e9caill\u00e9es et les mousses omnipr\u00e9sentes. Des traitements plus artistiques comme les d\u00e9veloppements crois\u00e9s, les filtres auraient conf\u00e9r\u00e9 \u00e0 ce lieu bien d\u2019autres atmosph\u00e8res non moins int\u00e9ressantes. Le choix du traitement monochrome noir et blanc s\u2019est impos\u00e9 naturellement comme technique principale. La richesse d\u2019expression et l\u2019intensit\u00e9 d\u2019une image en noir et blanc permettent de donner \u00e0 ces carcasses une texture et un relief unique.<\/span><\/p>\n<p class=\"s6\" style=\"text-align: justify;\"><span class=\"s4\"><span style=\"font-size: 14px;\">Pour mon mat\u00e9riel, j\u2019ai choisi de travailler avec une des pellicules de l\u00e9gende qu\u2019est la kodak tri-x. En effet, cette pellicule fut cr\u00e9\u00e9e en 1954 et est devenue depuis une des r\u00e9f\u00e9rences en mati\u00e8re de films noir et blanc. Tout comme les appareils photo, les pellicules datent toutes des ann\u00e9es cinquante. Le traitement chimique des films a \u00e9t\u00e9 fait dans de l\u2019Ilfotec DD-X, un d\u00e9veloppeur qui a la particularit\u00e9 de produire des n\u00e9gatifs sans grain ou presque avec une bonne gestion des hautes et basses lumi\u00e8res. Les photos couleur ont \u00e9t\u00e9 r\u00e9alis\u00e9es sur Fuji PFZ 800, une pellicule riche en contraste et ayant des tons de verts tr\u00e8s particuliers.<\/span><\/span><\/p>\n<p style=\"text-align: justify;\"><span>\u00a0<\/span><span class=\"s4\"><\/span><\/p>\n<p>[\/et_pb_text][\/et_pb_column][et_pb_column type=\u00a0\u00bb1_2&Prime; _builder_version=\u00a0\u00bb4.22.1&Prime; _module_preset=\u00a0\u00bbdefault\u00a0\u00bb global_colors_info=\u00a0\u00bb{}\u00a0\u00bb][et_pb_text _builder_version=\u00a0\u00bb4.23&Prime; _module_preset=\u00a0\u00bbdefault\u00a0\u00bb hover_enabled=\u00a0\u00bb0&Prime; global_colors_info=\u00a0\u00bb{}\u00a0\u00bb sticky_enabled=\u00a0\u00bb0&Prime;]<\/p>\n<p style=\"text-align: justify;\"><span class=\"s4\">Dans notre travail, nous nous sommes concentr\u00e9s \u00e0 capturer ce mariage improbable de l\u2019objet industriel et une nature toute-puissante. La reconqu\u00eate par la nature de ce lieu singulier repr\u00e9sente un message beau et fort, une sorte d\u2019espoir que la vie continue,<\/span><span class=\"s4\">malgr\u00e9 tout.<\/span><\/p>\n<p class=\"s6\" style=\"text-align: justify;\"><span class=\"s4\">Le livre \u00abPARK\u00bb est un livre de photographies, certes, mais pas seulement. Les images ne sont pas seulement les repr\u00e9sentations graphiques d\u2019objets de consommation modernes. Elles sont les m\u00e9moires d\u2019une \u00e9poque, les m\u00e9moires de la fascination de l\u2019homme pour la machine, autant qu\u2019elles sont les t\u00e9moins de l\u2019immense gaspillage humain.<\/span><\/p>\n<p class=\"s6\" style=\"text-align: justify;\">Le livre est disponible via le formulaire de contact au prix de 36.-ch.\u00a0<\/p>\n<p>[\/et_pb_text][\/et_pb_column][\/et_pb_row][et_pb_row _builder_version=\u00a0\u00bb4.22.1&Prime; _module_preset=\u00a0\u00bbdefault\u00a0\u00bb global_colors_info=\u00a0\u00bb{}\u00a0\u00bb][et_pb_column type=\u00a0\u00bb4_4&Prime; _builder_version=\u00a0\u00bb4.22.1&Prime; _module_preset=\u00a0\u00bbdefault\u00a0\u00bb global_colors_info=\u00a0\u00bb{}\u00a0\u00bb][et_pb_gallery gallery_ids=\u00a0\u00bb29186,29185,29184,29183,29182,29181,29173,29174,29175,29176,29177,29178,29179,29172,29171,29170,29169,29168,29167&Prime; show_title_and_caption=\u00a0\u00bboff\u00a0\u00bb _builder_version=\u00a0\u00bb4.22.1&Prime; _module_preset=\u00a0\u00bbdefault\u00a0\u00bb global_colors_info=\u00a0\u00bb{}\u00a0\u00bb][\/et_pb_gallery][\/et_pb_column][\/et_pb_row][et_pb_row _builder_version=\u00a0\u00bb4.22.1&Prime; _module_preset=\u00a0\u00bbdefault\u00a0\u00bb global_colors_info=\u00a0\u00bb{}\u00a0\u00bb][et_pb_column type=\u00a0\u00bb4_4&Prime; _builder_version=\u00a0\u00bb4.22.1&Prime; _module_preset=\u00a0\u00bbdefault\u00a0\u00bb global_colors_info=\u00a0\u00bb{}\u00a0\u00bb][et_pb_contact_form email=\u00a0\u00bbcontact@olivierjeannin.ch\u00a0\u00bb title=\u00a0\u00bbQuestions et commande d&rsquo;un livre\u00a0\u00bb success_message=\u00a0\u00bbEnvoy\u00e9!\u00a0\u00bb _builder_version=\u00a0\u00bb4.22.1&Prime; _module_preset=\u00a0\u00bbdefault\u00a0\u00bb _unique_id=\u00a0\u00bbcf242b07-4b5c-46f2-8ab0-ee6f031af4d5&Prime; global_colors_info=\u00a0\u00bb{}\u00a0\u00bb][et_pb_contact_field field_id=\u00a0\u00bbName\u00a0\u00bb field_title=\u00a0\u00bbNom\u00a0\u00bb _builder_version=\u00a0\u00bb4.22.1&Prime; global_colors_info=\u00a0\u00bb{}\u00a0\u00bb button_text_size__hover_enabled=\u00a0\u00bboff\u00a0\u00bb button_one_text_size__hover_enabled=\u00a0\u00bboff\u00a0\u00bb button_two_text_size__hover_enabled=\u00a0\u00bboff\u00a0\u00bb button_text_color__hover_enabled=\u00a0\u00bboff\u00a0\u00bb button_one_text_color__hover_enabled=\u00a0\u00bboff\u00a0\u00bb button_two_text_color__hover_enabled=\u00a0\u00bboff\u00a0\u00bb button_border_width__hover_enabled=\u00a0\u00bboff\u00a0\u00bb button_one_border_width__hover_enabled=\u00a0\u00bboff\u00a0\u00bb button_two_border_width__hover_enabled=\u00a0\u00bboff\u00a0\u00bb button_border_color__hover_enabled=\u00a0\u00bboff\u00a0\u00bb button_one_border_color__hover_enabled=\u00a0\u00bboff\u00a0\u00bb button_two_border_color__hover_enabled=\u00a0\u00bboff\u00a0\u00bb button_border_radius__hover_enabled=\u00a0\u00bboff\u00a0\u00bb button_one_border_radius__hover_enabled=\u00a0\u00bboff\u00a0\u00bb button_two_border_radius__hover_enabled=\u00a0\u00bboff\u00a0\u00bb button_letter_spacing__hover_enabled=\u00a0\u00bboff\u00a0\u00bb button_one_letter_spacing__hover_enabled=\u00a0\u00bboff\u00a0\u00bb button_two_letter_spacing__hover_enabled=\u00a0\u00bboff\u00a0\u00bb button_bg_color__hover_enabled=\u00a0\u00bboff\u00a0\u00bb button_one_bg_color__hover_enabled=\u00a0\u00bboff\u00a0\u00bb button_two_bg_color__hover_enabled=\u00a0\u00bboff\u00a0\u00bb][\/et_pb_contact_field][et_pb_contact_field field_id=\u00a0\u00bbEmail\u00a0\u00bb field_title=\u00a0\u00bbAdresse e-mail\u00a0\u00bb field_type=\u00a0\u00bbemail\u00a0\u00bb _builder_version=\u00a0\u00bb4.16&Prime; global_colors_info=\u00a0\u00bb{}\u00a0\u00bb button_text_size__hover_enabled=\u00a0\u00bboff\u00a0\u00bb button_one_text_size__hover_enabled=\u00a0\u00bboff\u00a0\u00bb button_two_text_size__hover_enabled=\u00a0\u00bboff\u00a0\u00bb button_text_color__hover_enabled=\u00a0\u00bboff\u00a0\u00bb button_one_text_color__hover_enabled=\u00a0\u00bboff\u00a0\u00bb button_two_text_color__hover_enabled=\u00a0\u00bboff\u00a0\u00bb button_border_width__hover_enabled=\u00a0\u00bboff\u00a0\u00bb button_one_border_width__hover_enabled=\u00a0\u00bboff\u00a0\u00bb button_two_border_width__hover_enabled=\u00a0\u00bboff\u00a0\u00bb button_border_color__hover_enabled=\u00a0\u00bboff\u00a0\u00bb button_one_border_color__hover_enabled=\u00a0\u00bboff\u00a0\u00bb button_two_border_color__hover_enabled=\u00a0\u00bboff\u00a0\u00bb button_border_radius__hover_enabled=\u00a0\u00bboff\u00a0\u00bb button_one_border_radius__hover_enabled=\u00a0\u00bboff\u00a0\u00bb button_two_border_radius__hover_enabled=\u00a0\u00bboff\u00a0\u00bb button_letter_spacing__hover_enabled=\u00a0\u00bboff\u00a0\u00bb button_one_letter_spacing__hover_enabled=\u00a0\u00bboff\u00a0\u00bb button_two_letter_spacing__hover_enabled=\u00a0\u00bboff\u00a0\u00bb button_bg_color__hover_enabled=\u00a0\u00bboff\u00a0\u00bb button_one_bg_color__hover_enabled=\u00a0\u00bboff\u00a0\u00bb button_two_bg_color__hover_enabled=\u00a0\u00bboff\u00a0\u00bb][\/et_pb_contact_field][et_pb_contact_field field_id=\u00a0\u00bbMessage\u00a0\u00bb field_title=\u00a0\u00bbMessage\u00a0\u00bb field_type=\u00a0\u00bbtext\u00a0\u00bb fullwidth_field=\u00a0\u00bbon\u00a0\u00bb _builder_version=\u00a0\u00bb4.16&Prime; global_colors_info=\u00a0\u00bb{}\u00a0\u00bb button_text_size__hover_enabled=\u00a0\u00bboff\u00a0\u00bb button_one_text_size__hover_enabled=\u00a0\u00bboff\u00a0\u00bb button_two_text_size__hover_enabled=\u00a0\u00bboff\u00a0\u00bb button_text_color__hover_enabled=\u00a0\u00bboff\u00a0\u00bb button_one_text_color__hover_enabled=\u00a0\u00bboff\u00a0\u00bb button_two_text_color__hover_enabled=\u00a0\u00bboff\u00a0\u00bb button_border_width__hover_enabled=\u00a0\u00bboff\u00a0\u00bb button_one_border_width__hover_enabled=\u00a0\u00bboff\u00a0\u00bb button_two_border_width__hover_enabled=\u00a0\u00bboff\u00a0\u00bb button_border_color__hover_enabled=\u00a0\u00bboff\u00a0\u00bb button_one_border_color__hover_enabled=\u00a0\u00bboff\u00a0\u00bb button_two_border_color__hover_enabled=\u00a0\u00bboff\u00a0\u00bb button_border_radius__hover_enabled=\u00a0\u00bboff\u00a0\u00bb button_one_border_radius__hover_enabled=\u00a0\u00bboff\u00a0\u00bb button_two_border_radius__hover_enabled=\u00a0\u00bboff\u00a0\u00bb button_letter_spacing__hover_enabled=\u00a0\u00bboff\u00a0\u00bb button_one_letter_spacing__hover_enabled=\u00a0\u00bboff\u00a0\u00bb button_two_letter_spacing__hover_enabled=\u00a0\u00bboff\u00a0\u00bb button_bg_color__hover_enabled=\u00a0\u00bboff\u00a0\u00bb button_one_bg_color__hover_enabled=\u00a0\u00bboff\u00a0\u00bb button_two_bg_color__hover_enabled=\u00a0\u00bboff\u00a0\u00bb][\/et_pb_contact_field][\/et_pb_contact_form][\/et_pb_column][\/et_pb_row][\/et_pb_section]<\/p>","protected":false},"excerpt":{"rendered":"<p>Janvier 2024 Gu\u00e9rir\/Heilen est mon dernier projet. Arriv\u00e9 \u00e0 terme \u00e0 l&rsquo;automne 2023 apr\u00e8s 3 ann\u00e9es de travail, il se pr\u00e9sente sous la forme d&rsquo;un petit livre de 82 pages \u00e9dit\u00e9 par les \u00e9ditions \u00ab\u00a0Le Coeur \u00e0 l&rsquo;Ouvrage\u00a0\u00bb. Vous d\u00e9couvrirez ci-dessous la g\u00e9n\u00e8se et un aper\u00e7u de ce travail tr\u00e8s personnel et intime.Puis-je r\u00e9parer,\u00a0gu\u00e9rir, ou [&hellip;]<\/p>","protected":false},"author":1,"featured_media":0,"parent":0,"menu_order":0,"comment_status":"closed","ping_status":"closed","template":"","meta":{"_et_pb_use_builder":"on","_et_pb_old_content":"","_et_gb_content_width":"","footnotes":""},"class_list":["post-29113","page","type-page","status-publish","hentry"],"_links":{"self":[{"href":"https:\/\/olivierjeannin.ch\/en\/wp-json\/wp\/v2\/pages\/29113","targetHints":{"allow":["GET"]}}],"collection":[{"href":"https:\/\/olivierjeannin.ch\/en\/wp-json\/wp\/v2\/pages"}],"about":[{"href":"https:\/\/olivierjeannin.ch\/en\/wp-json\/wp\/v2\/types\/page"}],"author":[{"embeddable":true,"href":"https:\/\/olivierjeannin.ch\/en\/wp-json\/wp\/v2\/users\/1"}],"replies":[{"embeddable":true,"href":"https:\/\/olivierjeannin.ch\/en\/wp-json\/wp\/v2\/comments?post=29113"}],"version-history":[{"count":0,"href":"https:\/\/olivierjeannin.ch\/en\/wp-json\/wp\/v2\/pages\/29113\/revisions"}],"wp:attachment":[{"href":"https:\/\/olivierjeannin.ch\/en\/wp-json\/wp\/v2\/media?parent=29113"}],"curies":[{"name":"wp","href":"https:\/\/api.w.org\/{rel}","templated":true}]}}